{"id":7,"date":"2021-07-26T11:50:17","date_gmt":"2021-07-26T11:50:17","guid":{"rendered":"http:\/\/www.palvelinry.fi\/?page_id=7"},"modified":"2021-07-26T12:09:23","modified_gmt":"2021-07-26T12:09:23","slug":"uusi-umoma-avaa-ovensa-2","status":"publish","type":"page","link":"https:\/\/www.palvelinry.fi\/","title":{"rendered":"Perehdy lis\u00e4\u00e4"},"content":{"rendered":"\n<div class=\"wp-block-group alignwide\"><div class=\"wp-block-group__inner-container\">\n<h2 class=\"has-text-align-center\">YouTube, Twitter, LinkedIn, nettipalvelut, koulutusta tarpeen mukaan<\/h2>\n<\/div><\/div>\n\n\n\n<div class=\"wp-block-columns alignwide\">\n<div class=\"wp-block-column\">\n<div class=\"wp-block-group\"><div class=\"wp-block-group__inner-container\">\n<figure class=\"wp-block-image alignfull size-full\"><img src=\"https:\/\/www.palvelinry.fi\/wp-content\/themes\/twentytwenty\/assets\/images\/2020-three-quarters-1.png\" alt=\"\" class=\"wp-image-37\"\/><\/figure>\n\n\n\n<h3>Ty\u00f6t ja p\u00e4iv\u00e4t<\/h3>\n\n\n\n<p>1. elokuuta \u2013 1. joulukuuta<\/p>\n\n\n\n<div class=\"wp-block-button is-style-outline\"><a class=\"wp-block-button__link\" href=\"https:\/\/make.wordpress.org\/core\/2019\/09\/27\/block-editor-theme-related-updates-in-wordpress-5-3\/\">Lue lis\u00e4\u00e4<\/a><\/div>\n<\/div><\/div>\n\n\n\n<div class=\"wp-block-group\"><div class=\"wp-block-group__inner-container\">\n<figure class=\"wp-block-image alignfull size-full\"><img src=\"https:\/\/www.palvelinry.fi\/wp-content\/themes\/twentytwenty\/assets\/images\/2020-three-quarters-3.png\" alt=\"\" class=\"wp-image-37\"\/><\/figure>\n\n\n\n<h3>Theatre of Operations<\/h3>\n\n\n\n<p>1. lokakuuta \u2013 1. joulukuuta<\/p>\n\n\n\n<div class=\"wp-block-button is-style-outline\"><a class=\"wp-block-button__link\" href=\"https:\/\/make.wordpress.org\/core\/2019\/09\/27\/block-editor-theme-related-updates-in-wordpress-5-3\/\">Lue lis\u00e4\u00e4<\/a><\/div>\n<\/div><\/div>\n<\/div>\n\n\n\n<div class=\"wp-block-column\">\n<div class=\"wp-block-group\"><div class=\"wp-block-group__inner-container\">\n<figure class=\"wp-block-image alignfull size-full\"><img src=\"https:\/\/www.palvelinry.fi\/wp-content\/themes\/twentytwenty\/assets\/images\/2020-three-quarters-2.png\" alt=\"\" class=\"wp-image-37\"\/><\/figure>\n\n\n\n<h3>The Life I Deserve<\/h3>\n\n\n\n<p>1. elokuuta \u2013 1. joulukuuta<\/p>\n\n\n\n<div class=\"wp-block-button is-style-outline\"><a class=\"wp-block-button__link\" href=\"https:\/\/make.wordpress.org\/core\/2019\/09\/27\/block-editor-theme-related-updates-in-wordpress-5-3\/\">Lue lis\u00e4\u00e4<\/a><\/div>\n<\/div><\/div>\n\n\n\n<div class=\"wp-block-group\"><div class=\"wp-block-group__inner-container\">\n<figure class=\"wp-block-image alignfull size-full\"><img src=\"https:\/\/www.palvelinry.fi\/wp-content\/themes\/twentytwenty\/assets\/images\/2020-three-quarters-4.png\" alt=\"\" class=\"wp-image-37\"\/><\/figure>\n\n\n\n<h3>Signac&#8217;sta Matisseen<\/h3>\n\n\n\n<p>1. lokakuuta \u2013 1. joulukuuta<\/p>\n\n\n\n<div class=\"wp-block-button is-style-outline\"><a class=\"wp-block-button__link\" href=\"https:\/\/make.wordpress.org\/core\/2019\/09\/27\/block-editor-theme-related-updates-in-wordpress-5-3\/\">Lue lis\u00e4\u00e4<\/a><\/div>\n<\/div><\/div>\n<\/div>\n<\/div>\n\n\n\n<figure class=\"wp-block-image alignfull size-full\"><img src=\"https:\/\/www.palvelinry.fi\/wp-content\/themes\/twentytwenty\/assets\/images\/2020-landscape-2.png\" alt=\"\" class=\"wp-image-37\"\/><\/figure>\n\n\n\n<div class=\"wp-block-group alignwide\"><div class=\"wp-block-group__inner-container\">\n<h2 class=\"has-text-align-center has-accent-color has-text-color\">K\u00e4yt\u00e4 netti\u00e4 tehokkaasti ja nauti sen palveluista<\/h2>\n<\/div><\/div>\n\n\n\n<p class=\"has-drop-cap\">Internetin k\u00e4ytt\u00f6 on n\u00e4enn\u00e4isen helppoa. Monet palvelut alkavat toimia kunnolla vasta kun niihin hoksaa rekister\u00f6ity\u00e4 ja hiukan opetella niiden k\u00e4ytt\u00f6\u00e4 muutenkin kuin vain kevyell\u00e4 pintaraapaisulla ilman rekister\u00f6itymist\u00e4.<\/p>\n\n\n\n<p>Rekister\u00f6itymist\u00e4 ei kannata murehtia, sen voi tehd\u00e4 reippaasti omalla nimell\u00e4, tai luoda useampia tilej\u00e4 eri tarkoituksiin, yksityisyytt\u00e4 tai anonymiteetti\u00e4kin saa haluta ja tarvita.<\/p>\n\n\n\n<p><\/p>\n\n\n\n<div class=\"wp-block-group alignwide has-background\" style=\"background-color:#ffffff\"><div class=\"wp-block-group__inner-container\">\n<div class=\"wp-block-group\"><div class=\"wp-block-group__inner-container\">\n<h2 class=\"has-text-align-center\">Liity j\u00e4seneksi ja saa yksinoikeusetuja!<\/h2>\n\n\n\n<p class=\"has-text-align-center\">Tukij\u00e4seneksi liittyv\u00e4t p\u00e4\u00e4sev\u00e4t k\u00e4siksi online kursseihin ja koulutusmateriaaleihin. J\u00e4senyys maksaa $99.99 ja laskutetaan vuosittain.<\/p>\n\n\n\n<div class=\"wp-block-button aligncenter\"><a class=\"wp-block-button__link\" href=\"https:\/\/make.wordpress.org\/core\/2019\/09\/27\/block-editor-theme-related-updates-in-wordpress-5-3\/\">Liity kerhoon<\/a><\/div>\n<\/div><\/div>\n<\/div><\/div>\n\n\n\n<figure class=\"wp-block-gallery alignwide columns-2 is-cropped\"><ul class=\"blocks-gallery-grid\"><li class=\"blocks-gallery-item\"><figure><img src=\"https:\/\/www.palvelinry.fi\/wp-content\/themes\/twentytwenty\/assets\/images\/2020-square-2.png\" alt=\"\" data-id=\"39\" data-full-url=\"https:\/\/www.palvelinry.fi\/wp-content\/themes\/twentytwenty\/assets\/images\/2020-square-2.png\" data-link=\"assets\/images\/2020-square-2\/\" class=\"wp-image-39\"\/><\/figure><\/li><li class=\"blocks-gallery-item\"><figure><img src=\"https:\/\/www.palvelinry.fi\/wp-content\/themes\/twentytwenty\/assets\/images\/2020-square-1.png\" alt=\"\" data-id=\"38\" data-full-url=\"https:\/\/www.palvelinry.fi\/wp-content\/themes\/twentytwenty\/assets\/images\/2020-square-1.png\" data-link=\"https:\/\/www.palvelinry.fi\/wp-content\/themes\/twentytwenty\/assets\/images\/2020-square-1\/\" class=\"wp-image-38\"\/><\/figure><\/li><\/ul><\/figure>\n","protected":false},"excerpt":{"rendered":"<p>YouTube, Twitter, LinkedIn, nettipalvelut, koulutusta tarpeen mukaan Ty\u00f6t ja p\u00e4iv\u00e4t 1. elokuuta \u2013 1. joulukuuta Theatre of Operations 1. lokakuuta \u2013 1. joulukuuta The Life I Deserve 1. elokuuta \u2013 1. joulukuuta Signac&#8217;sta Matisseen 1. lokakuuta \u2013 1. joulukuuta K\u00e4yt\u00e4 netti\u00e4 tehokkaasti ja nauti sen palveluista Internetin k\u00e4ytt\u00f6 on n\u00e4enn\u00e4isen helppoa. Monet palvelut alkavat toimia [&hellip;]<\/p>\n","protected":false},"author":1,"featured_media":6,"parent":0,"menu_order":0,"comment_status":"closed","ping_status":"closed","template":"","meta":[],"_links":{"self":[{"href":"https:\/\/www.palvelinry.fi\/index.php\/wp-json\/wp\/v2\/pages\/7"}],"collection":[{"href":"https:\/\/www.palvelinry.fi\/index.php\/wp-json\/wp\/v2\/pages"}],"about":[{"href":"https:\/\/www.palvelinry.fi\/index.php\/wp-json\/wp\/v2\/types\/page"}],"author":[{"embeddable":true,"href":"https:\/\/www.palvelinry.fi\/index.php\/wp-json\/wp\/v2\/users\/1"}],"replies":[{"embeddable":true,"href":"https:\/\/www.palvelinry.fi\/index.php\/wp-json\/wp\/v2\/comments?post=7"}],"version-history":[{"count":3,"href":"https:\/\/www.palvelinry.fi\/index.php\/wp-json\/wp\/v2\/pages\/7\/revisions"}],"predecessor-version":[{"id":33,"href":"https:\/\/www.palvelinry.fi\/index.php\/wp-json\/wp\/v2\/pages\/7\/revisions\/33"}],"wp:featuredmedia":[{"embeddable":true,"href":"https:\/\/www.palvelinry.fi\/index.php\/wp-json\/wp\/v2\/media\/6"}],"wp:attachment":[{"href":"https:\/\/www.palvelinry.fi\/index.php\/wp-json\/wp\/v2\/media?parent=7"}],"curies":[{"name":"wp","href":"https:\/\/api.w.org\/{rel}","templated":true}]}}